{"id":3092,"date":"2023-06-11T00:24:10","date_gmt":"2023-06-11T03:24:10","guid":{"rendered":"https:\/\/www.casana.com\/?page_id=3092"},"modified":"2023-06-11T02:36:39","modified_gmt":"2023-06-11T05:36:39","slug":"br-casana-luxury-hotel-in-prea-brazil-contact","status":"publish","type":"page","link":"https:\/\/www.casana.com\/en\/br-casana-luxury-hotel-in-prea-brazil-contact\/","title":{"rendered":""},"content":{"rendered":"<div class=\"vce-row-container\"><div class=\"vce-row vce-element--xl--has-background vce-element--lg--has-background vce-element--md--has-background vce-element--sm--has-background vce-element--xs--has-background vce-row--col-gap-30 vce-row-columns--top vce-row-content--middle\" data-vce-full-width=\"true\" id=\"el-3e576cd6\" data-vce-do-apply=\"all el-3e576cd6\"><div class=\"vce-content-background-container\"><\/div><div class=\"vce-row-content\" data-vce-element-content=\"true\"><div class=\"vce-col vce-col--md-65-62p vce-col--xs-1 vce-col--xs-last vce-col--xs-first vce-col--sm-last vce-col--sm-first vce-col--md-first vce-col--lg-first vce-col--xl-first\" id=\"el-f525756b\"><div class=\"vce-col-inner\" data-vce-do-apply=\"border margin background  el-f525756b\"><div class=\"vce-col-content\" data-vce-element-content=\"true\" data-vce-do-apply=\"padding el-f525756b\"><div class=\"vce-shortcode\" id=\"desktop\"><div class=\"vce-shortcode-wrapper vce\" id=\"el-cd047406\" data-vce-do-apply=\"all el-cd047406\"><p class=\"wpcf7-contact-form-not-found\"><strong>Error:<\/strong> Contact form not found.<\/p><\/div><\/div><div class=\"vce-shortcode\" id=\"contactMobile\"><div class=\"vce-shortcode-wrapper vce\" id=\"el-094cd384\" data-vce-do-apply=\"all el-094cd384\">\n<div class=\"wpcf7 no-js\" id=\"wpcf7-f292-o1\" lang=\"pt-BR\" dir=\"ltr\" data-wpcf7-id=\"292\">\n<div class=\"screen-reader-response\"><p role=\"status\" aria-live=\"polite\" aria-atomic=\"true\"><\/p> <ul><\/ul><\/div>\n<form action=\"\/en\/wp-json\/wp\/v2\/pages\/3092#wpcf7-f292-o1\" method=\"post\" class=\"wpcf7-form init\" aria-label=\"Formul\u00e1rios de contato\" novalidate=\"novalidate\" data-status=\"init\">\n<div style=\"display: none;\">\n<input type=\"hidden\" name=\"_wpcf7\" value=\"292\" \/>\n<input type=\"hidden\" name=\"_wpcf7_version\" value=\"6.0.6\" \/>\n<input type=\"hidden\" name=\"_wpcf7_locale\" value=\"pt_BR\" \/>\n<input type=\"hidden\" name=\"_wpcf7_unit_tag\" value=\"wpcf7-f292-o1\" \/>\n<input type=\"hidden\" name=\"_wpcf7_container_post\" value=\"0\" \/>\n<input type=\"hidden\" name=\"_wpcf7_posted_data_hash\" value=\"\" \/>\n<\/div>\n<p><label><br \/>\n<span class=\"wpcf7-form-control-wrap\" data-name=\"menu-177\"><select class=\"wpcf7-form-control wpcf7-select wpcf7-validates-as-required\" aria-required=\"true\" aria-invalid=\"false\" name=\"menu-177\"><option value=\"Reservation\">Reservation<\/option><option value=\"Finance\">Finance<\/option><option value=\"Other\">Other<\/option><\/select><\/span><\/label>\n<\/p>\n<p><label><br \/>\n<span class=\"wpcf7-form-control-wrap\" data-name=\"text-953\"><input size=\"40\" maxlength=\"400\" class=\"wpcf7-form-control wpcf7-text wpcf7-validates-as-required\" aria-required=\"true\" aria-invalid=\"false\" placeholder=\"Name *\" value=\"\" type=\"text\" name=\"text-953\" \/><\/span><\/label>\n<\/p>\n<p><label><br \/>\n<span class=\"wpcf7-form-control-wrap\" data-name=\"email-959\"><input size=\"40\" maxlength=\"400\" class=\"wpcf7-form-control wpcf7-email wpcf7-validates-as-required wpcf7-text wpcf7-validates-as-email\" aria-required=\"true\" aria-invalid=\"false\" placeholder=\"Email *\" value=\"\" type=\"email\" name=\"email-959\" \/><\/span><\/label>\n<\/p>\n<p><label><br \/>\n<span class=\"wpcf7-form-control-wrap\" data-name=\"text-0\"><input size=\"40\" maxlength=\"400\" class=\"wpcf7-form-control wpcf7-text wpcf7-validates-as-required\" aria-required=\"true\" aria-invalid=\"false\" placeholder=\"Phone\" value=\"\" type=\"text\" name=\"text-0\" \/><\/span><\/label>\n<\/p>\n<p><label><span class=\"wpcf7-form-control-wrap\" data-name=\"textarea-410\"><textarea cols=\"40\" rows=\"10\" maxlength=\"2000\" class=\"wpcf7-form-control wpcf7-textarea wpcf7-validates-as-required\" aria-required=\"true\" aria-invalid=\"false\" placeholder=\"Your message\" name=\"textarea-410\"><\/textarea><\/span><\/label>\n<\/p>\n<p><input class=\"wpcf7-form-control wpcf7-submit has-spinner\" type=\"submit\" value=\"Enviar\" \/>\n<\/p><div class=\"wpcf7-response-output\" aria-hidden=\"true\"><\/div>\n<\/form>\n<\/div>\n<\/div><\/div><\/div><\/div><\/div><div class=\"vce-col vce-col--md-34-38p vce-col--xs-1 vce-col--xs-last vce-col--xs-first vce-col--sm-last vce-col--sm-first vce-col--md-last vce-col--lg-last vce-col--xl-last\" id=\"el-5b7be2d5\"><div class=\"vce-col-inner\" data-vce-do-apply=\"border margin background  el-5b7be2d5\"><div class=\"vce-content-background-container\"><\/div><div class=\"vce-col-content\" data-vce-element-content=\"true\" data-vce-do-apply=\"padding el-5b7be2d5\"><div class=\"vce-text-block\"><div class=\"vce-text-block-wrapper vce\" id=\"el-aab97a7b\" data-vce-do-apply=\"all el-aab97a7b\"><h2 class=\"titleMainLeft\" style=\"margin-top: 45px; line-height: 0.75;\"><span style=\"font-size: 36pt; font-family: Montserrat; font-weight: 400; font-style: normal;\">CONTATO<\/span><\/h2><p style=\"line-height: 1;\"><span class=\"textDescriptionLeft\" style=\"font-size: 10pt; font-family: Montserrat;\">Entre em contato e comece a planejar seu merecido descanso.<\/span><\/p><p class=\"textDescriptionLeft\" style=\"line-height: 1;\"><span style=\"font-size: 10pt; font-family: Montserrat;\">Para mais informa\u00e7\u00f5es ou para reservar, envie-nos uma breve mensagem usando o formul\u00e1rio ao lado ou simplesmente entre em contato por telefone ou e-mail. Estamos ansiosos para lhe receber.<\/span><\/p><p><span style=\"font-family: Montserrat;\">&nbsp;<\/span> <span style=\"font-family: Montserrat;\">&nbsp;<\/span> <span style=\"font-family: Montserrat;\">&nbsp;<\/span> <span style=\"font-family: Montserrat;\">&nbsp;<\/span><\/p><p style=\"line-height: 1;\"><span class=\"textDescriptionLeft\" style=\"font-size: 10pt; font-family: Montserrat;\" data-wp-editing=\"1\"><a style=\"color: #707070;\" href=\"https:\/\/wa.me\/message\/35BMEOCHSAFWK1\" target=\"_blank\" rel=\"noopener\"><img decoding=\"async\" data-src=\"https:\/\/www.casana.com\/wp-content\/uploads\/2020\/03\/whatsapp-logo-variant@2x.png\" alt=\"Whatsapp\" width=\"12\" height=\"12\" src=\"data:image\/gif;base64,R0lGODlhAQABAAAAACH5BAEKAAEALAAAAAABAAEAAAICTAEAOw==\" class=\"lazyload\" style=\"--smush-placeholder-width: 12px; --smush-placeholder-aspect-ratio: 12\/12;\"> +55 (88) 9 8155-9745<\/a><br><\/span><span class=\"textDescriptionLeft\" style=\"font-size: 10pt; font-family: Montserrat;\"><img decoding=\"async\" data-src=\"https:\/\/www.casana.com\/wp-content\/uploads\/2020\/03\/ring-phone-auricular-interface-symbol-with-lines-of-the-sound@2x.png\" alt=\"Phone\" width=\"12\" height=\"12\" src=\"data:image\/gif;base64,R0lGODlhAQABAAAAACH5BAEKAAEALAAAAAABAAEAAAICTAEAOw==\" class=\"lazyload\" style=\"--smush-placeholder-width: 12px; --smush-placeholder-aspect-ratio: 12\/12;\"> +55 (85) 2180-5076<\/span><\/p><\/div><\/div><\/div><\/div><\/div><\/div><\/div><\/div>\n","protected":false},"excerpt":{"rendered":"<p>CONTATOEntre em contato e comece a planejar seu merecido descanso.Para mais informa\u00e7\u00f5es ou para reservar, envie-nos uma breve mensagem usando o formul\u00e1rio ao lado ou simplesmente entre em contato por telefone ou e-mail. Estamos ansiosos para lhe receber.&nbsp; &nbsp; &nbsp; &nbsp; +55 (88) 9 8155-9745 +55 (85) 2180-5076<\/p>\n","protected":false},"author":1,"featured_media":0,"parent":0,"menu_order":0,"comment_status":"closed","ping_status":"closed","template":"","meta":{"_themeisle_gutenberg_block_has_review":false,"footnotes":""},"class_list":["post-3092","page","type-page","status-publish","hentry"],"yoast_head":"<!-- This site is optimized with the Yoast SEO plugin v25.1 - https:\/\/yoast.com\/wordpress\/plugins\/seo\/ -->\n<title>Casana | Luxury hotel no Pre\u00e1, Brasil | Contato &#183;<\/title>\n<meta name=\"robots\" content=\"index, follow, max-snippet:-1, max-image-preview:large, max-video-preview:-1\" \/>\n<link rel=\"canonical\" href=\"https:\/\/www.casana.com\/en\/br-casana-luxury-hotel-in-prea-brazil-contact\/\" \/>\n<meta property=\"og:locale\" content=\"en_US\" \/>\n<meta property=\"og:type\" content=\"article\" \/>\n<meta property=\"og:title\" content=\"Casana | Luxury hotel no Pre\u00e1, Brasil | Contato &#183;\" \/>\n<meta property=\"og:description\" content=\"CONTATOEntre em contato e comece a planejar seu merecido descanso.Para mais informa\u00e7\u00f5es ou para reservar, envie-nos uma breve mensagem usando o formul\u00e1rio ao lado ou simplesmente entre em contato por telefone ou e-mail. Estamos ansiosos para lhe receber.&nbsp; &nbsp; &nbsp; &nbsp; +55 (88) 9 8155-9745 +55 (85) 2180-5076\" \/>\n<meta property=\"og:url\" content=\"https:\/\/www.casana.com\/en\/br-casana-luxury-hotel-in-prea-brazil-contact\/\" \/>\n<meta property=\"article:modified_time\" content=\"2023-06-11T05:36:39+00:00\" \/>\n<meta name=\"twitter:card\" content=\"summary_large_image\" \/>\n<script type=\"application\/ld+json\" class=\"yoast-schema-graph\">{\"@context\":\"https:\/\/schema.org\",\"@graph\":[{\"@type\":\"WebPage\",\"@id\":\"https:\/\/www.casana.com\/br-casana-luxury-hotel-in-prea-brazil-contact\/\",\"url\":\"https:\/\/www.casana.com\/br-casana-luxury-hotel-in-prea-brazil-contact\/\",\"name\":\"Casana | Luxury hotel no Pre\u00e1, Brasil | Contato &#183;\",\"isPartOf\":{\"@id\":\"https:\/\/www.casana.com\/en\/#website\"},\"datePublished\":\"2023-06-11T03:24:10+00:00\",\"dateModified\":\"2023-06-11T05:36:39+00:00\",\"inLanguage\":\"en-US\",\"potentialAction\":[{\"@type\":\"ReadAction\",\"target\":[\"https:\/\/www.casana.com\/br-casana-luxury-hotel-in-prea-brazil-contact\/\"]}]},{\"@type\":\"WebSite\",\"@id\":\"https:\/\/www.casana.com\/en\/#website\",\"url\":\"https:\/\/www.casana.com\/en\/\",\"name\":\"\",\"description\":\"Luxury hotel in Pre\u00e1, Brazil\",\"potentialAction\":[{\"@type\":\"SearchAction\",\"target\":{\"@type\":\"EntryPoint\",\"urlTemplate\":\"https:\/\/www.casana.com\/en\/?s={search_term_string}\"},\"query-input\":{\"@type\":\"PropertyValueSpecification\",\"valueRequired\":true,\"valueName\":\"search_term_string\"}}],\"inLanguage\":\"en-US\"}]}<\/script>\n<!-- \/ Yoast SEO plugin. -->","yoast_head_json":{"title":"Casana | Luxury hotel no Pre\u00e1, Brasil | Contato &#183;","robots":{"index":"index","follow":"follow","max-snippet":"max-snippet:-1","max-image-preview":"max-image-preview:large","max-video-preview":"max-video-preview:-1"},"canonical":"https:\/\/www.casana.com\/en\/br-casana-luxury-hotel-in-prea-brazil-contact\/","og_locale":"en_US","og_type":"article","og_title":"Casana | Luxury hotel no Pre\u00e1, Brasil | Contato &#183;","og_description":"CONTATOEntre em contato e comece a planejar seu merecido descanso.Para mais informa\u00e7\u00f5es ou para reservar, envie-nos uma breve mensagem usando o formul\u00e1rio ao lado ou simplesmente entre em contato por telefone ou e-mail. Estamos ansiosos para lhe receber.&nbsp; &nbsp; &nbsp; &nbsp; +55 (88) 9 8155-9745 +55 (85) 2180-5076","og_url":"https:\/\/www.casana.com\/en\/br-casana-luxury-hotel-in-prea-brazil-contact\/","article_modified_time":"2023-06-11T05:36:39+00:00","twitter_card":"summary_large_image","schema":{"@context":"https:\/\/schema.org","@graph":[{"@type":"WebPage","@id":"https:\/\/www.casana.com\/br-casana-luxury-hotel-in-prea-brazil-contact\/","url":"https:\/\/www.casana.com\/br-casana-luxury-hotel-in-prea-brazil-contact\/","name":"Casana | Luxury hotel no Pre\u00e1, Brasil | Contato &#183;","isPartOf":{"@id":"https:\/\/www.casana.com\/en\/#website"},"datePublished":"2023-06-11T03:24:10+00:00","dateModified":"2023-06-11T05:36:39+00:00","inLanguage":"en-US","potentialAction":[{"@type":"ReadAction","target":["https:\/\/www.casana.com\/br-casana-luxury-hotel-in-prea-brazil-contact\/"]}]},{"@type":"WebSite","@id":"https:\/\/www.casana.com\/en\/#website","url":"https:\/\/www.casana.com\/en\/","name":"","description":"Luxury hotel in Pre\u00e1, Brazil","potentialAction":[{"@type":"SearchAction","target":{"@type":"EntryPoint","urlTemplate":"https:\/\/www.casana.com\/en\/?s={search_term_string}"},"query-input":{"@type":"PropertyValueSpecification","valueRequired":true,"valueName":"search_term_string"}}],"inLanguage":"en-US"}]}},"_links":{"self":[{"href":"https:\/\/www.casana.com\/en\/wp-json\/wp\/v2\/pages\/3092","targetHints":{"allow":["GET"]}}],"collection":[{"href":"https:\/\/www.casana.com\/en\/wp-json\/wp\/v2\/pages"}],"about":[{"href":"https:\/\/www.casana.com\/en\/wp-json\/wp\/v2\/types\/page"}],"author":[{"embeddable":true,"href":"https:\/\/www.casana.com\/en\/wp-json\/wp\/v2\/users\/1"}],"replies":[{"embeddable":true,"href":"https:\/\/www.casana.com\/en\/wp-json\/wp\/v2\/comments?post=3092"}],"version-history":[{"count":6,"href":"https:\/\/www.casana.com\/en\/wp-json\/wp\/v2\/pages\/3092\/revisions"}],"predecessor-version":[{"id":3174,"href":"https:\/\/www.casana.com\/en\/wp-json\/wp\/v2\/pages\/3092\/revisions\/3174"}],"wp:attachment":[{"href":"https:\/\/www.casana.com\/en\/wp-json\/wp\/v2\/media?parent=3092"}],"curies":[{"name":"wp","href":"https:\/\/api.w.org\/{rel}","templated":true}]}}